{"id":48,"date":"2025-09-22T14:15:18","date_gmt":"2025-09-22T14:15:18","guid":{"rendered":"https:\/\/playaarrigunaga.com\/?page_id=48"},"modified":"2026-01-09T12:23:37","modified_gmt":"2026-01-09T12:23:37","slug":"sobre-nosotros","status":"publish","type":"page","link":"https:\/\/playaarrigunaga.com\/en\/sobre-nosotros\/","title":{"rendered":"About Us"},"content":{"rendered":"<div data-elementor-type=\"wp-page\" data-elementor-id=\"48\" class=\"elementor elementor-48\" data-elementor-post-type=\"page\">\n\t\t\t\t<div class=\"elementor-element elementor-element-07b1bd9 e-flex e-con-boxed e-con e-parent\" data-id=\"07b1bd9\" data-element_type=\"container\" data-settings=\"{&quot;background_background&quot;:&quot;classic&quot;}\">\n\t\t\t\t\t<div class=\"e-con-inner\">\n\t\t\t\t<div class=\"elementor-element elementor-element-1431ea4 elementor-widget elementor-widget-heading\" data-id=\"1431ea4\" data-element_type=\"widget\" data-widget_type=\"heading.default\">\n\t\t\t\t<div class=\"elementor-widget-container\">\n\t\t\t\t\t<h1 class=\"elementor-heading-title elementor-size-default\">Sobre nosotros<\/h1>\t\t\t\t<\/div>\n\t\t\t\t<\/div>\n\t\t\t\t\t<\/div>\n\t\t\t\t<\/div>\n\t\t<div class=\"elementor-element elementor-element-0a029c7 e-flex e-con-boxed e-con e-parent\" data-id=\"0a029c7\" data-element_type=\"container\" data-settings=\"{&quot;background_background&quot;:&quot;classic&quot;}\">\n\t\t\t\t\t<div class=\"e-con-inner\">\n\t\t<div class=\"elementor-element elementor-element-3b17d35 e-con-full e-flex e-con e-child\" data-id=\"3b17d35\" data-element_type=\"container\">\n\t\t\t\t<div class=\"elementor-element elementor-element-09c3d8f elementor-widget elementor-widget-heading\" data-id=\"09c3d8f\" data-element_type=\"widget\" data-widget_type=\"heading.default\">\n\t\t\t\t<div class=\"elementor-widget-container\">\n\t\t\t\t\t<h2 class=\"elementor-heading-title elementor-size-default\">The soul of Arrigunaga<\/h2>\t\t\t\t<\/div>\n\t\t\t\t<\/div>\n\t\t<div class=\"elementor-element elementor-element-2ce4e0d e-con-full e-flex e-con e-child\" data-id=\"2ce4e0d\" data-element_type=\"container\">\n\t\t<div class=\"elementor-element elementor-element-e28df18 e-con-full e-flex e-con e-child\" data-id=\"e28df18\" data-element_type=\"container\" data-settings=\"{&quot;background_background&quot;:&quot;classic&quot;}\">\n\t\t\t\t<\/div>\n\t\t<div class=\"elementor-element elementor-element-5948432 e-con-full e-flex e-con e-child\" data-id=\"5948432\" data-element_type=\"container\">\n\t\t\t\t<div class=\"elementor-element elementor-element-b7169c1 elementor-widget-tablet__width-inherit elementor-widget elementor-widget-text-editor\" data-id=\"b7169c1\" data-element_type=\"widget\" data-widget_type=\"text-editor.default\">\n\t\t\t\t<div class=\"elementor-widget-container\">\n\t\t\t\t\t\t\t\t\t<p>Since 2015, the Chiringuito de la Playa de Arrigunaga has been that place you return to in order to unwind. A place where you can enjoy a leisurely coffee, savour a burger or salad, toast the sunset, or simply let yourself be carried away by good music.<\/p><p>A space designed for sharing leisurely afternoons, while the little ones play in the sand and you enjoy conversation, laughter and sea views that make it unique.<\/p><p>We'll be waiting for you!<\/p>\t\t\t\t\t\t\t\t<\/div>\n\t\t\t\t<\/div>\n\t\t\t\t<\/div>\n\t\t\t\t<\/div>\n\t\t\t\t<\/div>\n\t\t\t\t\t<\/div>\n\t\t\t\t<\/div>\n\t\t<div class=\"elementor-element elementor-element-785fe4b e-flex e-con-boxed e-con e-parent\" data-id=\"785fe4b\" data-element_type=\"container\" data-settings=\"{&quot;background_background&quot;:&quot;classic&quot;}\">\n\t\t\t\t\t<div class=\"e-con-inner\">\n\t\t<div class=\"elementor-element elementor-element-8b4cb8d e-con-full e-flex e-con e-child\" data-id=\"8b4cb8d\" data-element_type=\"container\">\n\t\t\t\t<div class=\"elementor-element elementor-element-0a5380c elementor-widget elementor-widget-heading\" data-id=\"0a5380c\" data-element_type=\"widget\" data-widget_type=\"heading.default\">\n\t\t\t\t<div class=\"elementor-widget-container\">\n\t\t\t\t\t<span class=\"elementor-heading-title elementor-size-default\">The Chiringuito in the media<\/span>\t\t\t\t<\/div>\n\t\t\t\t<\/div>\n\t\t<div class=\"elementor-element elementor-element-6ee6547 e-con-full e-flex e-con e-child\" data-id=\"6ee6547\" data-element_type=\"container\">\n\t\t\t\t<div class=\"elementor-element elementor-element-e66fe0f elementor-widget__width-initial elementor-widget-tablet__width-inherit elementor-cta--skin-classic elementor-animated-content elementor-bg-transform elementor-bg-transform-zoom-in elementor-widget elementor-widget-call-to-action\" data-id=\"e66fe0f\" data-element_type=\"widget\" data-widget_type=\"call-to-action.default\">\n\t\t\t\t<div class=\"elementor-widget-container\">\n\t\t\t\t\t\t\t<div class=\"elementor-cta\">\n\t\t\t\t\t<div class=\"elementor-cta__bg-wrapper\">\n\t\t\t\t<div class=\"elementor-cta__bg elementor-bg\" style=\"background-image: url(https:\/\/playaarrigunaga.com\/wp-content\/uploads\/2025\/10\/TripAdvisor_Logo.svg);\" role=\"img\" aria-label=\"TripAdvisor_Logo\"><\/div>\n\t\t\t\t<div class=\"elementor-cta__bg-overlay\"><\/div>\n\t\t\t<\/div>\n\t\t\t\t\t\t\t<div class=\"elementor-cta__content\">\n\t\t\t\t\n\t\t\t\t\t\t\t\t\t<span class=\"elementor-cta__title elementor-cta__content-item elementor-content-item\">\n\t\t\t\t\t\tTripadvisor\t\t\t\t\t<\/span>\n\t\t\t\t\n\t\t\t\t\n\t\t\t\t\t\t\t\t\t<div class=\"elementor-cta__button-wrapper elementor-cta__content-item elementor-content-item\">\n\t\t\t\t\t<a class=\"elementor-cta__button elementor-button elementor-size-\" href=\"https:\/\/www.tripadvisor.es\/Attraction_Review-g943866-d29004534-Reviews-Txiringuito_De_Arrigunaga-Getxo_Province_of_Vizcaya_Basque_Country.html\">\n\t\t\t\t\t\tRead news\t\t\t\t\t<\/a>\n\t\t\t\t\t<\/div>\n\t\t\t\t\t\t\t<\/div>\n\t\t\t\t\t\t<\/div>\n\t\t\t\t\t\t<\/div>\n\t\t\t\t<\/div>\n\t\t\t\t<div class=\"elementor-element elementor-element-70911ce elementor-widget__width-initial elementor-widget-tablet__width-inherit elementor-cta--skin-classic elementor-animated-content elementor-bg-transform elementor-bg-transform-zoom-in elementor-widget elementor-widget-call-to-action\" data-id=\"70911ce\" data-element_type=\"widget\" data-widget_type=\"call-to-action.default\">\n\t\t\t\t<div class=\"elementor-widget-container\">\n\t\t\t\t\t\t\t<div class=\"elementor-cta\">\n\t\t\t\t\t<div class=\"elementor-cta__bg-wrapper\">\n\t\t\t\t<div class=\"elementor-cta__bg elementor-bg\" style=\"background-image: url(https:\/\/playaarrigunaga.com\/wp-content\/uploads\/2025\/10\/Txiringuito-Playa-Arrigunaga-768x380.jpg);\" role=\"img\" aria-label=\"Txiringuito-Playa-Arrigunaga\"><\/div>\n\t\t\t\t<div class=\"elementor-cta__bg-overlay\"><\/div>\n\t\t\t<\/div>\n\t\t\t\t\t\t\t<div class=\"elementor-cta__content\">\n\t\t\t\t\n\t\t\t\t\t\t\t\t\t<span class=\"elementor-cta__title elementor-cta__content-item elementor-content-item\">\n\t\t\t\t\t\tBilb On\t\t\t\t\t<\/span>\n\t\t\t\t\n\t\t\t\t\n\t\t\t\t\t\t\t\t\t<div class=\"elementor-cta__button-wrapper elementor-cta__content-item elementor-content-item\">\n\t\t\t\t\t<a class=\"elementor-cta__button elementor-button elementor-size-\" href=\"https:\/\/bilbon.biz\/en\/txiringuito-arrigunaga-beach\/\">\n\t\t\t\t\t\tRead news\t\t\t\t\t<\/a>\n\t\t\t\t\t<\/div>\n\t\t\t\t\t\t\t<\/div>\n\t\t\t\t\t\t<\/div>\n\t\t\t\t\t\t<\/div>\n\t\t\t\t<\/div>\n\t\t\t\t<div class=\"elementor-element elementor-element-57f5163 elementor-widget__width-initial elementor-widget-tablet__width-inherit elementor-cta--skin-classic elementor-animated-content elementor-bg-transform elementor-bg-transform-zoom-in elementor-widget elementor-widget-call-to-action\" data-id=\"57f5163\" data-element_type=\"widget\" data-widget_type=\"call-to-action.default\">\n\t\t\t\t<div class=\"elementor-widget-container\">\n\t\t\t\t\t\t\t<div class=\"elementor-cta\">\n\t\t\t\t\t<div class=\"elementor-cta__bg-wrapper\">\n\t\t\t\t<div class=\"elementor-cta__bg elementor-bg\" style=\"background-image: url(https:\/\/playaarrigunaga.com\/wp-content\/uploads\/2025\/10\/chiringuito-arrigunaga-abierto-kJRB-U220773707709HmH-1200x840@El-Correo-1024x717.jpg);\" role=\"img\" aria-label=\"chiringuito-arrigunaga-abierto-kJRB-U220773707709HmH-1200x840@El Correo\"><\/div>\n\t\t\t\t<div class=\"elementor-cta__bg-overlay\"><\/div>\n\t\t\t<\/div>\n\t\t\t\t\t\t\t<div class=\"elementor-cta__content\">\n\t\t\t\t\n\t\t\t\t\t\t\t\t\t<span class=\"elementor-cta__title elementor-cta__content-item elementor-content-item\">\n\t\t\t\t\t\tEl Correo\t\t\t\t\t<\/span>\n\t\t\t\t\n\t\t\t\t\n\t\t\t\t\t\t\t\t\t<div class=\"elementor-cta__button-wrapper elementor-cta__content-item elementor-content-item\">\n\t\t\t\t\t<a class=\"elementor-cta__button elementor-button elementor-size-\" href=\"https:\/\/www.elcorreo.com\/planes\/playa\/reabre-chiringuito-playa-arrigunaga-20240720162239-nt.html\">\n\t\t\t\t\t\tRead news\t\t\t\t\t<\/a>\n\t\t\t\t\t<\/div>\n\t\t\t\t\t\t\t<\/div>\n\t\t\t\t\t\t<\/div>\n\t\t\t\t\t\t<\/div>\n\t\t\t\t<\/div>\n\t\t\t\t<\/div>\n\t\t\t\t<\/div>\n\t\t\t\t\t<\/div>\n\t\t\t\t<\/div>\n\t\t\t\t<\/div>","protected":false},"excerpt":{"rendered":"<p>Sobre nosotros El alma de Arrigunaga Desde 2015, el Chiringuito de la Playa de Arrigunaga es ese rinc\u00f3n al que vuelves para desconectar. Un lugar donde tomar un caf\u00e9 con calma, disfrutar de una hamburguesa o una ensalada, brindar frente a la puesta de sol o dejarte llevar por buena m\u00fasica. Un espacio pensado para [&hellip;]<\/p>","protected":false},"author":1,"featured_media":0,"parent":0,"menu_order":0,"comment_status":"closed","ping_status":"closed","template":"elementor_header_footer","meta":{"footnotes":""},"class_list":["post-48","page","type-page","status-publish","hentry"],"yoast_head":"<!-- This site is optimized with the Yoast SEO plugin v26.7 - https:\/\/yoast.com\/wordpress\/plugins\/seo\/ -->\n<title>Sobre Nosotros - Txiringuito Arrigunaga<\/title>\n<meta name=\"robots\" content=\"index, follow, max-snippet:-1, max-image-preview:large, max-video-preview:-1\" \/>\n<link rel=\"canonical\" href=\"https:\/\/playaarrigunaga.com\/en\/sobre-nosotros\/\" \/>\n<meta property=\"og:locale\" content=\"en_GB\" \/>\n<meta property=\"og:type\" content=\"article\" \/>\n<meta property=\"og:title\" content=\"Sobre Nosotros - Txiringuito Arrigunaga\" \/>\n<meta property=\"og:description\" content=\"Sobre nosotros El alma de Arrigunaga Desde 2015, el Chiringuito de la Playa de Arrigunaga es ese rinc\u00f3n al que vuelves para desconectar. Un lugar donde tomar un caf\u00e9 con calma, disfrutar de una hamburguesa o una ensalada, brindar frente a la puesta de sol o dejarte llevar por buena m\u00fasica. Un espacio pensado para [&hellip;]\" \/>\n<meta property=\"og:url\" content=\"https:\/\/playaarrigunaga.com\/en\/sobre-nosotros\/\" \/>\n<meta property=\"og:site_name\" content=\"Txiringuito Arrigunaga\" \/>\n<meta property=\"article:modified_time\" content=\"2026-01-09T12:23:37+00:00\" \/>\n<meta name=\"twitter:card\" content=\"summary_large_image\" \/>\n<meta name=\"twitter:label1\" content=\"Estimated reading time\" \/>\n\t<meta name=\"twitter:data1\" content=\"1 minute\" \/>\n<script type=\"application\/ld+json\" class=\"yoast-schema-graph\">{\"@context\":\"https:\/\/schema.org\",\"@graph\":[{\"@type\":\"WebPage\",\"@id\":\"https:\/\/playaarrigunaga.com\/sobre-nosotros\/\",\"url\":\"https:\/\/playaarrigunaga.com\/sobre-nosotros\/\",\"name\":\"Sobre Nosotros - Txiringuito Arrigunaga\",\"isPartOf\":{\"@id\":\"https:\/\/playaarrigunaga.com\/#website\"},\"datePublished\":\"2025-09-22T14:15:18+00:00\",\"dateModified\":\"2026-01-09T12:23:37+00:00\",\"breadcrumb\":{\"@id\":\"https:\/\/playaarrigunaga.com\/sobre-nosotros\/#breadcrumb\"},\"inLanguage\":\"en-GB\",\"potentialAction\":[{\"@type\":\"ReadAction\",\"target\":[\"https:\/\/playaarrigunaga.com\/sobre-nosotros\/\"]}]},{\"@type\":\"BreadcrumbList\",\"@id\":\"https:\/\/playaarrigunaga.com\/sobre-nosotros\/#breadcrumb\",\"itemListElement\":[{\"@type\":\"ListItem\",\"position\":1,\"name\":\"Portada\",\"item\":\"https:\/\/playaarrigunaga.com\/\"},{\"@type\":\"ListItem\",\"position\":2,\"name\":\"Sobre Nosotros\"}]},{\"@type\":\"WebSite\",\"@id\":\"https:\/\/playaarrigunaga.com\/#website\",\"url\":\"https:\/\/playaarrigunaga.com\/\",\"name\":\"Txiringuito Arrigunaga\",\"description\":\"\",\"potentialAction\":[{\"@type\":\"SearchAction\",\"target\":{\"@type\":\"EntryPoint\",\"urlTemplate\":\"https:\/\/playaarrigunaga.com\/?s={search_term_string}\"},\"query-input\":{\"@type\":\"PropertyValueSpecification\",\"valueRequired\":true,\"valueName\":\"search_term_string\"}}],\"inLanguage\":\"en-GB\"}]}<\/script>\n<!-- \/ Yoast SEO plugin. -->","yoast_head_json":{"title":"Sobre Nosotros - Txiringuito Arrigunaga","robots":{"index":"index","follow":"follow","max-snippet":"max-snippet:-1","max-image-preview":"max-image-preview:large","max-video-preview":"max-video-preview:-1"},"canonical":"https:\/\/playaarrigunaga.com\/en\/sobre-nosotros\/","og_locale":"en_GB","og_type":"article","og_title":"Sobre Nosotros - Txiringuito Arrigunaga","og_description":"Sobre nosotros El alma de Arrigunaga Desde 2015, el Chiringuito de la Playa de Arrigunaga es ese rinc\u00f3n al que vuelves para desconectar. Un lugar donde tomar un caf\u00e9 con calma, disfrutar de una hamburguesa o una ensalada, brindar frente a la puesta de sol o dejarte llevar por buena m\u00fasica. Un espacio pensado para [&hellip;]","og_url":"https:\/\/playaarrigunaga.com\/en\/sobre-nosotros\/","og_site_name":"Txiringuito Arrigunaga","article_modified_time":"2026-01-09T12:23:37+00:00","twitter_card":"summary_large_image","twitter_misc":{"Estimated reading time":"1 minute"},"schema":{"@context":"https:\/\/schema.org","@graph":[{"@type":"WebPage","@id":"https:\/\/playaarrigunaga.com\/sobre-nosotros\/","url":"https:\/\/playaarrigunaga.com\/sobre-nosotros\/","name":"Sobre Nosotros - Txiringuito Arrigunaga","isPartOf":{"@id":"https:\/\/playaarrigunaga.com\/#website"},"datePublished":"2025-09-22T14:15:18+00:00","dateModified":"2026-01-09T12:23:37+00:00","breadcrumb":{"@id":"https:\/\/playaarrigunaga.com\/sobre-nosotros\/#breadcrumb"},"inLanguage":"en-GB","potentialAction":[{"@type":"ReadAction","target":["https:\/\/playaarrigunaga.com\/sobre-nosotros\/"]}]},{"@type":"BreadcrumbList","@id":"https:\/\/playaarrigunaga.com\/sobre-nosotros\/#breadcrumb","itemListElement":[{"@type":"ListItem","position":1,"name":"Portada","item":"https:\/\/playaarrigunaga.com\/"},{"@type":"ListItem","position":2,"name":"Sobre Nosotros"}]},{"@type":"WebSite","@id":"https:\/\/playaarrigunaga.com\/#website","url":"https:\/\/playaarrigunaga.com\/","name":"Txiringuito Arrigunaga","description":"","potentialAction":[{"@type":"SearchAction","target":{"@type":"EntryPoint","urlTemplate":"https:\/\/playaarrigunaga.com\/?s={search_term_string}"},"query-input":{"@type":"PropertyValueSpecification","valueRequired":true,"valueName":"search_term_string"}}],"inLanguage":"en-GB"}]}},"_links":{"self":[{"href":"https:\/\/playaarrigunaga.com\/en\/wp-json\/wp\/v2\/pages\/48","targetHints":{"allow":["GET"]}}],"collection":[{"href":"https:\/\/playaarrigunaga.com\/en\/wp-json\/wp\/v2\/pages"}],"about":[{"href":"https:\/\/playaarrigunaga.com\/en\/wp-json\/wp\/v2\/types\/page"}],"author":[{"embeddable":true,"href":"https:\/\/playaarrigunaga.com\/en\/wp-json\/wp\/v2\/users\/1"}],"replies":[{"embeddable":true,"href":"https:\/\/playaarrigunaga.com\/en\/wp-json\/wp\/v2\/comments?post=48"}],"version-history":[{"count":20,"href":"https:\/\/playaarrigunaga.com\/en\/wp-json\/wp\/v2\/pages\/48\/revisions"}],"predecessor-version":[{"id":1497,"href":"https:\/\/playaarrigunaga.com\/en\/wp-json\/wp\/v2\/pages\/48\/revisions\/1497"}],"wp:attachment":[{"href":"https:\/\/playaarrigunaga.com\/en\/wp-json\/wp\/v2\/media?parent=48"}],"curies":[{"name":"wp","href":"https:\/\/api.w.org\/{rel}","templated":true}]}}