{"id":1582,"date":"2026-01-05T09:32:23","date_gmt":"2026-01-05T09:32:23","guid":{"rendered":"https:\/\/playaarrigunaga.com\/?page_id=1582"},"modified":"2026-01-05T09:32:23","modified_gmt":"2026-01-05T09:32:23","slug":"declaracion-de-accesibilidad","status":"publish","type":"page","link":"https:\/\/playaarrigunaga.com\/en\/declaracion-de-accesibilidad\/","title":{"rendered":"Declaraci\u00f3n de Accesibilidad"},"content":{"rendered":"<p>La entidad Playa Arrigunaga se ha comprometido a hacer accesible su sitio web de conformidad con el Real Decreto 1112\/2018, de 7 de septiembre, sobre accesibilidad de los sitios web y aplicaciones para dispositivos m\u00f3viles del sector p\u00fablico.<br>La presente declaraci\u00f3n de accesibilidad se aplica al sitio web\u00a0<a href=\"https:\/\/playaarrigunaga.com\/en\/\">www.playaarrigunaga.com<\/a><\/p>\n\n\n\n<p><strong>Situaci\u00f3n de cumplimiento<\/strong><br>Este sitio web es parcialmente conforme con el RD 1112\/2018 debido a las excepciones y a la falta de conformidad en algunos aspectos que se detallan a continuaci\u00f3n.<\/p>\n\n\n\n<p><strong>Contenido no accesible<\/strong><br>El contenido que se recoge a continuaci\u00f3n no es accesible por las siguientes razones:<\/p>\n\n\n\n<ul class=\"wp-block-list\">\n<li>Existen logotipos e im\u00e1genes con texto alternativo incorrecto o confuso e im\u00e1genes complejas sin descripci\u00f3n textual [requisito 9.1.1.1 Contenido no textual, UNE-EN 301549:2022].<\/li>\n\n\n\n<li>Hay elementos que no son accesibles por teclado, como enlaces a redes sociales, el editor de textos para comentarios, elementos para ordenar resultados de b\u00fasqueda, paginaci\u00f3n o flechas de calendario [requisito 9.2.1.1 Teclado, UNE-EN 301549:2022].<\/li>\n\n\n\n<li>Existen elementos que no reciben el foco y no permiten la interacci\u00f3n mediante teclado [requisito 9.2.4.3 Orden del foco, UNE-EN 301549:2022].<\/li>\n\n\n\n<li>Algunas im\u00e1genes, infograf\u00edas, textos de enlaces o botones, titulares y contenido no est\u00e1n traducidos a otros idiomas [requisito 9.3.1.2 Idioma de las partes, UNE-EN 301549:2022].<\/li>\n\n\n\n<li>Mensajes de error poco descriptivos o fragmentados y falta de sugerencias en formularios para la correcta cumplimentaci\u00f3n de los campos [requisito 9.3.3.1 Identificaci\u00f3n de errores y 9.3.3.3 Sugerencias ante errores, UNE-EN 301549:2022].<\/li>\n\n\n\n<li>P\u00e1ginas con errores de sintaxis que pueden afectar la interpretaci\u00f3n por productos de apoyo (IDs duplicados, etiquetas mal cerradas, etc.) [requisito 9.4.1.1 Procesamiento, UNE-EN 301549:2022].<\/li>\n\n\n\n<li>Elementos que no permiten a productos de apoyo obtener informaci\u00f3n o interactuar con estados de controles de la interfaz (mensajes de ayuda, estado de resultados, atributos, etc.) [requisito 9.4.1.2 Nombre, funci\u00f3n y valor, UNE-EN 301549:2022].<\/li>\n\n\n\n<li>Posibles fallos puntuales de edici\u00f3n en alguna p\u00e1gina web.<\/li>\n<\/ul>\n\n\n\n<p><strong>Carga desproporcionada<\/strong><br>No aplica.<\/p>\n\n\n\n<p><strong>Preparaci\u00f3n de la presente declaraci\u00f3n de accesibilidad<\/strong><br>La presente declaraci\u00f3n fue preparada el 11\/12\/2025 mediante una autoevaluaci\u00f3n realizada por la propia entidad.<br>\u00daltima revisi\u00f3n: 05\/01\/2026.<\/p>\n\n\n\n<p><strong>Observaciones y datos de contacto<\/strong><br>Puede realizar comunicaciones sobre accesibilidad, tales como:<\/p>\n\n\n\n<ul class=\"wp-block-list\">\n<li>Informar sobre posibles incumplimientos del sitio web.<\/li>\n\n\n\n<li>Transmitir dificultades de acceso al contenido.<\/li>\n\n\n\n<li>Formular consultas o sugerencias de mejora.<\/li>\n<\/ul>\n\n\n\n<p>Para ello, utilice el formulario de contacto disponible en la web.<\/p>\n\n\n\n<p>Puede presentar:<\/p>\n\n\n\n<ul class=\"wp-block-list\">\n<li>Quejas relativas al cumplimiento del RD 1112\/2018.<\/li>\n\n\n\n<li>Solicitudes de informaci\u00f3n accesible sobre contenidos excluidos o exentos conforme al RD 1112\/2018.<\/li>\n<\/ul>\n\n\n\n<p>En la solicitud, debe concretar con claridad los hechos, razones y peticiones para que pueda ser considerada razonable y leg\u00edtima.<\/p>\n\n\n\n<p><strong>Contenido opcional<\/strong><br>Este sitio web aplica los requisitos de la Norma UNE-EN 301549:2022, considerando las excepciones del RD 1112\/2018.<\/p>\n\n\n\n<p>El sitio web est\u00e1 optimizado para navegadores Microsoft Internet Explorer 8.0 o superiores y las \u00faltimas versiones de Firefox, Safari, Opera y Google Chrome.<br>La resoluci\u00f3n m\u00ednima recomendada es de 1280\u00d71024 px.<\/p>\n\n\n\n<p>El dise\u00f1o es responsive, optimizado para tablets y m\u00f3viles en las \u00faltimas versiones vigentes de Chrome, Firefox, Safari, Opera Mini y navegadores nativos de Android e iOS.<\/p>","protected":false},"excerpt":{"rendered":"<p>La entidad Playa Arrigunaga se ha comprometido a hacer accesible su sitio web de conformidad con el Real Decreto 1112\/2018, de 7 de septiembre, sobre accesibilidad de los sitios web y aplicaciones para dispositivos m\u00f3viles del sector p\u00fablico.La presente declaraci\u00f3n de accesibilidad se aplica al sitio web\u00a0www.playaarrigunaga.com Situaci\u00f3n de cumplimientoEste sitio web es parcialmente conforme [&hellip;]<\/p>","protected":false},"author":2,"featured_media":0,"parent":0,"menu_order":0,"comment_status":"closed","ping_status":"closed","template":"","meta":{"footnotes":""},"class_list":["post-1582","page","type-page","status-publish","hentry"],"yoast_head":"<!-- This site is optimized with the Yoast SEO plugin v26.7 - https:\/\/yoast.com\/wordpress\/plugins\/seo\/ -->\n<title>Declaraci\u00f3n de Accesibilidad - Txiringuito Arrigunaga<\/title>\n<meta name=\"robots\" content=\"index, follow, max-snippet:-1, max-image-preview:large, max-video-preview:-1\" \/>\n<link rel=\"canonical\" href=\"https:\/\/playaarrigunaga.com\/en\/declaracion-de-accesibilidad\/\" \/>\n<meta property=\"og:locale\" content=\"en_GB\" \/>\n<meta property=\"og:type\" content=\"article\" \/>\n<meta property=\"og:title\" content=\"Declaraci\u00f3n de Accesibilidad - Txiringuito Arrigunaga\" \/>\n<meta property=\"og:description\" content=\"La entidad Playa Arrigunaga se ha comprometido a hacer accesible su sitio web de conformidad con el Real Decreto 1112\/2018, de 7 de septiembre, sobre accesibilidad de los sitios web y aplicaciones para dispositivos m\u00f3viles del sector p\u00fablico.La presente declaraci\u00f3n de accesibilidad se aplica al sitio web\u00a0www.playaarrigunaga.com Situaci\u00f3n de cumplimientoEste sitio web es parcialmente conforme [&hellip;]\" \/>\n<meta property=\"og:url\" content=\"https:\/\/playaarrigunaga.com\/en\/declaracion-de-accesibilidad\/\" \/>\n<meta property=\"og:site_name\" content=\"Txiringuito Arrigunaga\" \/>\n<meta name=\"twitter:card\" content=\"summary_large_image\" \/>\n<meta name=\"twitter:label1\" content=\"Estimated reading time\" \/>\n\t<meta name=\"twitter:data1\" content=\"3 minutes\" \/>\n<script type=\"application\/ld+json\" class=\"yoast-schema-graph\">{\"@context\":\"https:\/\/schema.org\",\"@graph\":[{\"@type\":\"WebPage\",\"@id\":\"https:\/\/playaarrigunaga.com\/declaracion-de-accesibilidad\/\",\"url\":\"https:\/\/playaarrigunaga.com\/declaracion-de-accesibilidad\/\",\"name\":\"Declaraci\u00f3n de Accesibilidad - Txiringuito Arrigunaga\",\"isPartOf\":{\"@id\":\"https:\/\/playaarrigunaga.com\/#website\"},\"datePublished\":\"2026-01-05T09:32:23+00:00\",\"breadcrumb\":{\"@id\":\"https:\/\/playaarrigunaga.com\/declaracion-de-accesibilidad\/#breadcrumb\"},\"inLanguage\":\"en-GB\",\"potentialAction\":[{\"@type\":\"ReadAction\",\"target\":[\"https:\/\/playaarrigunaga.com\/declaracion-de-accesibilidad\/\"]}]},{\"@type\":\"BreadcrumbList\",\"@id\":\"https:\/\/playaarrigunaga.com\/declaracion-de-accesibilidad\/#breadcrumb\",\"itemListElement\":[{\"@type\":\"ListItem\",\"position\":1,\"name\":\"Portada\",\"item\":\"https:\/\/playaarrigunaga.com\/\"},{\"@type\":\"ListItem\",\"position\":2,\"name\":\"Declaraci\u00f3n de Accesibilidad\"}]},{\"@type\":\"WebSite\",\"@id\":\"https:\/\/playaarrigunaga.com\/#website\",\"url\":\"https:\/\/playaarrigunaga.com\/\",\"name\":\"Txiringuito Arrigunaga\",\"description\":\"\",\"potentialAction\":[{\"@type\":\"SearchAction\",\"target\":{\"@type\":\"EntryPoint\",\"urlTemplate\":\"https:\/\/playaarrigunaga.com\/?s={search_term_string}\"},\"query-input\":{\"@type\":\"PropertyValueSpecification\",\"valueRequired\":true,\"valueName\":\"search_term_string\"}}],\"inLanguage\":\"en-GB\"}]}<\/script>\n<!-- \/ Yoast SEO plugin. -->","yoast_head_json":{"title":"Declaraci\u00f3n de Accesibilidad - Txiringuito Arrigunaga","robots":{"index":"index","follow":"follow","max-snippet":"max-snippet:-1","max-image-preview":"max-image-preview:large","max-video-preview":"max-video-preview:-1"},"canonical":"https:\/\/playaarrigunaga.com\/en\/declaracion-de-accesibilidad\/","og_locale":"en_GB","og_type":"article","og_title":"Declaraci\u00f3n de Accesibilidad - Txiringuito Arrigunaga","og_description":"La entidad Playa Arrigunaga se ha comprometido a hacer accesible su sitio web de conformidad con el Real Decreto 1112\/2018, de 7 de septiembre, sobre accesibilidad de los sitios web y aplicaciones para dispositivos m\u00f3viles del sector p\u00fablico.La presente declaraci\u00f3n de accesibilidad se aplica al sitio web\u00a0www.playaarrigunaga.com Situaci\u00f3n de cumplimientoEste sitio web es parcialmente conforme [&hellip;]","og_url":"https:\/\/playaarrigunaga.com\/en\/declaracion-de-accesibilidad\/","og_site_name":"Txiringuito Arrigunaga","twitter_card":"summary_large_image","twitter_misc":{"Estimated reading time":"3 minutes"},"schema":{"@context":"https:\/\/schema.org","@graph":[{"@type":"WebPage","@id":"https:\/\/playaarrigunaga.com\/declaracion-de-accesibilidad\/","url":"https:\/\/playaarrigunaga.com\/declaracion-de-accesibilidad\/","name":"Declaraci\u00f3n de Accesibilidad - Txiringuito Arrigunaga","isPartOf":{"@id":"https:\/\/playaarrigunaga.com\/#website"},"datePublished":"2026-01-05T09:32:23+00:00","breadcrumb":{"@id":"https:\/\/playaarrigunaga.com\/declaracion-de-accesibilidad\/#breadcrumb"},"inLanguage":"en-GB","potentialAction":[{"@type":"ReadAction","target":["https:\/\/playaarrigunaga.com\/declaracion-de-accesibilidad\/"]}]},{"@type":"BreadcrumbList","@id":"https:\/\/playaarrigunaga.com\/declaracion-de-accesibilidad\/#breadcrumb","itemListElement":[{"@type":"ListItem","position":1,"name":"Portada","item":"https:\/\/playaarrigunaga.com\/"},{"@type":"ListItem","position":2,"name":"Declaraci\u00f3n de Accesibilidad"}]},{"@type":"WebSite","@id":"https:\/\/playaarrigunaga.com\/#website","url":"https:\/\/playaarrigunaga.com\/","name":"Txiringuito Arrigunaga","description":"","potentialAction":[{"@type":"SearchAction","target":{"@type":"EntryPoint","urlTemplate":"https:\/\/playaarrigunaga.com\/?s={search_term_string}"},"query-input":{"@type":"PropertyValueSpecification","valueRequired":true,"valueName":"search_term_string"}}],"inLanguage":"en-GB"}]}},"_links":{"self":[{"href":"https:\/\/playaarrigunaga.com\/en\/wp-json\/wp\/v2\/pages\/1582","targetHints":{"allow":["GET"]}}],"collection":[{"href":"https:\/\/playaarrigunaga.com\/en\/wp-json\/wp\/v2\/pages"}],"about":[{"href":"https:\/\/playaarrigunaga.com\/en\/wp-json\/wp\/v2\/types\/page"}],"author":[{"embeddable":true,"href":"https:\/\/playaarrigunaga.com\/en\/wp-json\/wp\/v2\/users\/2"}],"replies":[{"embeddable":true,"href":"https:\/\/playaarrigunaga.com\/en\/wp-json\/wp\/v2\/comments?post=1582"}],"version-history":[{"count":1,"href":"https:\/\/playaarrigunaga.com\/en\/wp-json\/wp\/v2\/pages\/1582\/revisions"}],"predecessor-version":[{"id":1583,"href":"https:\/\/playaarrigunaga.com\/en\/wp-json\/wp\/v2\/pages\/1582\/revisions\/1583"}],"wp:attachment":[{"href":"https:\/\/playaarrigunaga.com\/en\/wp-json\/wp\/v2\/media?parent=1582"}],"curies":[{"name":"wp","href":"https:\/\/api.w.org\/{rel}","templated":true}]}}